{"id":2,"date":"2016-05-10T03:48:21","date_gmt":"2016-05-10T03:48:21","guid":{"rendered":"http:\/\/iaido-muenchen.de\/?page_id=2"},"modified":"2025-10-09T14:03:22","modified_gmt":"2025-10-09T13:03:22","slug":"sample-page","status":"publish","type":"page","link":"https:\/\/iaido-muenchen.de\/?page_id=2","title":{"rendered":"Impressum"},"content":{"rendered":"<p>Die Internetpr\u00e4senz unter den Domains\u00a0<a href=\"https:\/\/web.archive.org\/web\/20160317113019\/http:\/\/hakushinkai-muenchen.de\/index.html\" target=\"new\" rel=\"noopener noreferrer\">hakushinkai-muenchen.de<\/a>\u00a0und\u00a0<a href=\"https:\/\/web.archive.org\/web\/20160317113019\/http:\/\/www.iaido-muenchen.de\/\" target=\"new\" rel=\"noopener noreferrer\">iaido-muenchen.de<\/a><br \/>\nist ein Service des Hakushinkai M\u00fcnchen e.V.<\/p>\n<table width=\"100%\">\n<tbody>\n<tr>\n<th align=\"left\" valign=\"top\"><small class=\"darkslatebold\">Dienstanbieter<br \/>\nim Sinne der \u00a7\u00a7 5,6 Mediendienstestaatsvertrag<br \/>\nbzw. \u00a7\u00a7 6,7 Teledienstegesetz<\/small><\/th>\n<td align=\"left\" valign=\"top\">HAKUSHINKAI M\u00dcNCHEN e.V.<br \/>\nVerein f\u00fcr Iaido<\/td>\n<\/tr>\n<tr>\n<th align=\"left\" valign=\"top\"><small class=\"darkslatebold\">Vereinssitz<\/small><\/th>\n<td align=\"left\" valign=\"top\">M\u00fcnchen<\/td>\n<\/tr>\n<tr>\n<th align=\"left\" valign=\"top\"><small class=\"darkslatebold\">Vereinsregister<\/small><\/th>\n<td align=\"left\" valign=\"top\">Amtsgericht M\u00fcnchen, VR 17739<\/td>\n<\/tr>\n<tr>\n<th align=\"left\" valign=\"top\"><small class=\"darkslatebold\">Vorstand (vertretungsberechtigt)<br \/>\nim Sinne des \u00a7 26 BGB<\/small><\/th>\n<td align=\"left\" valign=\"top\">Michael Ibers (1. Vorsitzender)<br \/>\nDietmar Thom (2. Vorsitzender)<br \/>\nThomas Lederer (Kassenwart)<\/td>\n<\/tr>\n<tr>\n<th align=\"left\" valign=\"top\"><small class=\"darkslatebold\">E-Mail-Hauptadresse<\/small><\/th>\n<td align=\"left\" valign=\"top\"><a href=\"mailto:iaido@hakushinkai-muenchen.de\">iaido@hakushinkai-muenchen.de<\/a><\/td>\n<\/tr>\n<tr>\n<th align=\"left\" valign=\"top\"><small class=\"darkslatebold\">Weitere E-Mail-Adressen<\/small><\/th>\n<td align=\"left\" valign=\"top\">siehe\u00a0<a href=\"https:\/\/web.archive.org\/web\/20160317113019\/http:\/\/hakushinkai-muenchen.de\/index.php\/vereinoben\/kontaktoben\/impressumoben\/76\">Kontakt<\/a><\/td>\n<\/tr>\n<tr>\n<th align=\"left\" valign=\"top\"><small class=\"darkslatebold\">Postanschrift<\/small><\/th>\n<td align=\"left\" valign=\"top\">KenBuKai Dojoc\/o Hakushinkai M\u00fcnchen e.V.<\/p>\n<p>Kathi-Kobus-Stra\u00dfe 15<br \/>\n80797 M\u00fcnchen<\/td>\n<\/tr>\n<\/tbody>\n<\/table>\n<h3><strong>Rechtshinweise<\/strong><\/h3>\n<p><strong>Urheberrechte<\/strong><\/p>\n<p>F\u00fcr die Internetpr\u00e4senz von HAKUSHINKAI M\u00dcNCHEN liegen Copyright und alle weiteren Rechte bei HAKUSHINKAI M\u00dcNCHEN e.V. Weiterverbreitung, auch in Ausz\u00fcgen, f\u00fcr p\u00e4dagogische, wissenschaftliche oder private Zwecke ist unter Angabe der Quelle gestattet (sofern nicht anderes an der entsprechenden Stelle ausdr\u00fccklich angegeben). Eine Verwendung im gewerblichen Bereich bedarf der Genehmigung durch HAKUSHINKAI M\u00dcNCHEN. Ansprechpartner ist der Vorstand.<\/p>\n<p><strong>Haftung<\/strong><\/p>\n<p>Diese Internetpr\u00e4senz dient lediglich der Information. Ihr Inhalt wurde mit geb\u00fchrender Sorgfalt zusammengestellt. HAKUSHINKAI M\u00dcNCHEN \u00fcbernimmt aber keine Garantie, weder ausdr\u00fccklich noch implizit, f\u00fcr die Art oder Richtigkeit des dargebotenen Materials und \u00fcbernimmt keine Haftung (einschlie\u00dflich Haftung f\u00fcr indirekten Verlust oder Gewinn- oder Umsatzverluste) bez\u00fcglich des Materials bzw. der Nutzung dieses Materials. Sollten Inhalte von Internetseiten des HAKUSHINKAI M\u00dcNCHEN gegen geltende Rechtsvorschriften versto\u00dfen, dann bitten wir um umgehende Benachrichtigung. Wir werden die Seite oder den betreffenden Inhalt dann schnellstm\u00f6glich entfernen. Diese Regelungen entsprechen sinngem\u00e4\u00df dem \u00a7 5, Absatz 1 und 2 des Gesetzes \u00fcber die Nutzung von Telediensten (kurz: Teledienstegesetz &#8211; TDG).<br \/>\nF\u00fcr unverlangt eingesandte Manuskripte kann keine Haftung \u00fcbernommen werden. Mit der \u00dcbergabe der Manuskripte und Bilder an die Redaktion erteilt der Verfasser dem Dienstanbieter das Exklusivrecht zur Ver\u00f6ffentlichung. Honorierte Arbeiten gehen in das Verf\u00fcgungsrecht des Dienstanbieters \u00fcber. S\u00e4mtliche Ver\u00f6ffentlichungen in www.hakushinkai-muenchen.de erfolgen ohne Ber\u00fccksichtigung eines eventuellen Patentschutzes. Warennamen werden ohne Gew\u00e4hrleistung einer freien Verwendung benutzt.<\/p>\n<p><strong>Verweise auf externe Internetseiten<\/strong><\/p>\n<p>Die Internetpr\u00e4senz von HAKUSHINKAI M\u00dcNCHEN enth\u00e4lt Verweise (Links) zu Informationsangeboten auf Servern, die nicht der Kontrolle und Verantwortlichkeit von HAKUSHINKAI M\u00dcNCHEN unterliegen. Der HAKUSHINKAI M\u00dcNCHEN \u00fcbernimmt keine Verantwortung und keine Garantie f\u00fcr diese Informationen und billigt oder unterst\u00fctzt diese auch nicht inhaltlich. Diese Regelungen entsprechen sinngem\u00e4\u00df dem \u00a7 5, Absatz 3 des TDG (Teledienstegesetz).<\/p>\n<p><strong>Datenschutz<\/strong><\/p>\n<p>HAKUSHINKAI M\u00dcNCHEN verpflichtet sich, die Privatsph\u00e4re aller Personen zu sch\u00fctzen, die seine Internetpr\u00e4senz nutzen, und die ihm \u00fcberlassenen personenbezogenen Daten vertraulich zu behandeln. Die Daten werden ausschlie\u00dflich f\u00fcr die jeweils angegebenen Zwecke verwendet und nicht an Dritte weitergegeben. Ihre Daten werden gel\u00f6scht, sobald sie dem angegebenen Zweck gedient haben. Verschl\u00fcsselungstechniken werden auf den Internetseiten von HAKUSHINKAI M\u00dcNCHEN derzeit allenfalls zur Authentifizierung eingesetzt. Sie m\u00fcssen also damit rechnen, dass Ihre Angaben auf dem Wege zu uns Unbefugten zur Kenntnis kommen. Wenn Sie dies vermeiden wollen, so wenden Sie sich bitte auf anderem Wege an die jeweils angegebene Kontaktstelle oder Kontaktperson. Zur Aufrechterhaltung Ihrer Sitzung kann es unter Umst\u00e4nden notwendig sein, ein so genanntes Cookie zu setzen. Ihre Web-Browser- oder Client-Software \u00fcbertr\u00e4gt m\u00f6glicherweise ohne Ihr Zutun Informationen \u00fcber Ihren Rechner (beispielsweise IP-Adresse) an unsere Server. Derartige Informationen werden niemals direkt mit Ihnen in Verbindung gebracht sondern nur in anonymer Form f\u00fcr Zwecke der Statistik, der Systemverwaltung oder der Verbesserung der Leistungsf\u00e4higkeit unserer Internetpr\u00e4senz ausgewertet. Sollten Sie weitere Fragen zu unseren Datenschutz-Standards haben, wenden Sie sich bitte an unseren Webmaster.<\/p>\n<p><strong>Unverlangte gewerbliche Zuschriften<\/strong><\/p>\n<p>Das Landgericht D\u00fcsseldorf hat mit\u00a0<a href=\"https:\/\/web.archive.org\/web\/20160317113019\/http:\/\/www.jurpc.de\/rechtspr\/20030249.htm\" target=\"new\" rel=\"noopener noreferrer\">Urteil<\/a>\u00a0vom 23.04.2003 festgestellt, dass das Auslesen von Online-Adressverzeichnissen zu Zwecken der E-Mail-Werbung sowohl gegen das Urheber- als auch das Wettbewerbsrecht verst\u00f6\u00dft. Wir weisen deshalb darauf hin, dass ein Missbrauch unserer Daten entsprechende Konsequenzen hat! Abgesehen davon wird im g\u00fcnstigsten Falle jegliche Bel\u00e4stigung unserer E-Mail-Adressen durch unverlangt zu gewerblichen Zwecken zugesandte elektronische Post (UCE, Spam) ohne jede Nachsicht an \u00f6ffentliche Filterlisten (so genannte Spam Blocking Lists) gemeldet!<\/p>\n<p><strong>For those who do not understand plain German<\/strong><\/p>\n<p>Any molestation by spamming our email addresses &#8212; i.e. sending unsolicited commercial email (UCE) &#8212; will relentlessly be reported to various spam blocking lists and may involve legal consequences!<\/p>\n","protected":false},"excerpt":{"rendered":"<p>Die Internetpr\u00e4senz unter den Domains\u00a0hakushinkai-muenchen.de\u00a0und\u00a0iaido-muenchen.de ist ein Service des Hakushinkai M\u00fcnchen e.V. Dienstanbieter im Sinne der \u00a7\u00a7 5,6 Mediendienstestaatsvertrag bzw. \u00a7\u00a7 6,7 Teledienstegesetz HAKUSHINKAI M\u00dcNCHEN e.V. Verein f\u00fcr Iaido Vereinssitz M\u00fcnchen Vereinsregister Amtsgericht M\u00fcnchen, VR 17739 Vorstand (vertretungsberechtigt) im Sinne des \u00a7 26 BGB Michael Ibers (1. Vorsitzender) Dietmar Thom (2. Vorsitzender) Thomas Lederer (Kassenwart)<br \/><a class=\"btn btn-tislider blog-readmore\" href=\"https:\/\/iaido-muenchen.de\/?page_id=2\">Weiterlesen<\/a><\/p>\n","protected":false},"author":1,"featured_media":0,"parent":0,"menu_order":0,"comment_status":"closed","ping_status":"open","template":"","meta":{"footnotes":""},"class_list":["post-2","page","type-page","status-publish","hentry"],"_links":{"self":[{"href":"https:\/\/iaido-muenchen.de\/index.php?rest_route=\/wp\/v2\/pages\/2","targetHints":{"allow":["GET"]}}],"collection":[{"href":"https:\/\/iaido-muenchen.de\/index.php?rest_route=\/wp\/v2\/pages"}],"about":[{"href":"https:\/\/iaido-muenchen.de\/index.php?rest_route=\/wp\/v2\/types\/page"}],"author":[{"embeddable":true,"href":"https:\/\/iaido-muenchen.de\/index.php?rest_route=\/wp\/v2\/users\/1"}],"replies":[{"embeddable":true,"href":"https:\/\/iaido-muenchen.de\/index.php?rest_route=%2Fwp%2Fv2%2Fcomments&post=2"}],"version-history":[{"count":6,"href":"https:\/\/iaido-muenchen.de\/index.php?rest_route=\/wp\/v2\/pages\/2\/revisions"}],"predecessor-version":[{"id":147,"href":"https:\/\/iaido-muenchen.de\/index.php?rest_route=\/wp\/v2\/pages\/2\/revisions\/147"}],"wp:attachment":[{"href":"https:\/\/iaido-muenchen.de\/index.php?rest_route=%2Fwp%2Fv2%2Fmedia&parent=2"}],"curies":[{"name":"wp","href":"https:\/\/api.w.org\/{rel}","templated":true}]}}