{"id":53,"date":"2019-12-14T19:22:17","date_gmt":"2019-12-14T19:22:17","guid":{"rendered":"http:\/\/iaido-muenchen.de\/?page_id=53"},"modified":"2019-12-14T19:22:17","modified_gmt":"2019-12-14T19:22:17","slug":"iaido","status":"publish","type":"page","link":"http:\/\/iaido-muenchen.de\/?page_id=53","title":{"rendered":"Iaido"},"content":{"rendered":"\n<h2 class=\"wp-block-heading\">Iaido (\u5c45\u5408\u9053)<\/h2>\n\n\n\n<p>Im Iaido geht es au\u00dfer um Konzentration und die Beherrschung des K\u00f6rpers sowie der Schwerttechniken um eine pers\u00f6nliche Entwicklung.<\/p>\n\n\n\n<p>Deren Basis besteht aus stetigem \u00dcben, Sch\u00e4rfung der Aufmerksamkeit und der Absicht, die notwendige innere Haltung zu vervollkommnen. Mit einer geistig wachen Pr\u00e4senz im gegenw\u00e4rtigen Augenblick sollen wir auch den st\u00e4ndig wechselnden Anforderungen unseres Alltags flexibel begegnen.<\/p>\n\n\n\n<p><\/p>\n\n\n\n<h3 class=\"wp-block-heading\">Schulen\/Stile (Ry\u00fb \u6d41)<\/h3>\n\n\n\n<p><strong>Mus\u00f4 Shinden Ry\u00fb (\u5922\u60f3\u795e\u4f1d\u6d41)<\/strong><\/p>\n\n\n\n<p>Wir pflegen einerseits die Tradition der Mus\u00f4 Shinden Ry\u00fb (\u5922\u60f3\u795e\u4f1d\u6d41), einer Schwertschule, die auf den Samurai Hayashizaki Jinsuke Shigenobu (\u6797\u5d0e\u751a\u52a9\u91cd\u4fe1 \u2013 ca. 1549 &#8211; 1621) zur\u00fcckgeht. Dieses System &#8222;alter Schule&#8220; (Ko-Ry\u00fb &#8211; \u53e4\u6d41) gliedert sich in<\/p>\n\n\n\n<p>1.: \u00d4mori Ry\u00fb (\u5927\u68ee\u6d41) bzw. Shoden (\u521d\u4f1d &#8211; Anfang d. \u00dcberlieferung),<\/p>\n\n\n\n<p>2.: Hasegawa Eishin Ry\u00fb (\u9577\u8c37\u5ddd\u82f1\u4fe1\u6d41) bzw. Ch\u00fbden (\u4e2d\u4f1d &#8211; Mittelteil d. \u00dcberlieferung)<\/p>\n\n\n\n<p>3.: Shinden Ry\u00fb (\u795e\u4f1d\u6d41) bzw. Okuden (\u5965\u4f1d &#8211; geheime \u00dcberlieferung) mit jeweils 12, 10 bzw. 21 Kata (\u5f62 &#8211; Form\/en).<\/p>\n\n\n\n<p><strong>Seitei-Gata (\u5236\u5b9a\u5f62)<\/strong><\/p>\n\n\n\n<p>Zudem \u00fcben wir die 12 modernen Seitei-Gata (\u5236\u5b9a\u5f62 &#8211; Standard-Form\/en), die von der Alljapanischen Kendof\u00f6deration (AJKF bzw. ZNKR) entwickelt wurden und daher offiziell auch als Zen-Nihon-Kendo-Renmei-Iaido (\u5168\u65e5\u672c\u5263\u9053\u9023\u76df\u5c45\u5408\u9053) bezeichnet werden.<\/p>\n\n\n\n<p>Die Namen der 12 Formen lauten wie folgt:<\/p>\n\n\n\n<ol class=\"wp-block-list\"><li>mae (vorn)<\/li><li>ushiro (hinten)<\/li><li>ukenagashi (empfangen und (ab)flie\u00dfen lassen)<\/li><li>tsukaate (Sto\u00df mit dem Griff)<\/li><li>kesa giri (Schnitt entlang der Kesa)<\/li><li>morotezuki (Stich mit beiden H\u00e4nden)<\/li><li>sanpogiri (Schnitt in drei Richtungen)<\/li><li>ganmenate (Sto\u00df in das Gesicht)<\/li><li>soetezuki (Stich mit angelegter Hand)<\/li><li>shihogiri (Schnitt in vier Richtungen)<\/li><li>sogiri (alle Schnitte)<\/li><li>nukiuchi (ziehen und schlagen)<\/li><\/ol>\n\n\n\n<p><\/p>\n\n\n\n<p><\/p>\n\n\n\n<h3 class=\"wp-block-heading\">Warum Iaido?<\/h3>\n\n\n\n<p>Es gibt viele Gr\u00fcnde Iaido zu betreiben. Hier sind von unseren Mitgliedern ein paar sehr pers\u00f6nliche genannt:<\/p>\n\n\n\n<figure class=\"wp-block-image\"><img decoding=\"async\" src=\"https:\/\/web.archive.org\/web\/20160316234212im_\/http:\/\/hakushinkai-muenchen.de\/images\/fotos\/fuji_small.jpg\" alt=\"Fuji\"\/><\/figure>\n\n\n\n<p>&#8222;<em>Ich betreibe Iaido, weil es mich den Weg etwas mutiger gehen l\u00e4sst, nicht\u00a0wirklich zuversichtlicher, und trotzdem es selbst oft eine Last der\u00a0Selbstzweifel f\u00fcr mich bedeutet<\/em>.&#8220;<br><br>&#8222;<em>Ich betreibe Iaido, weil es einfach spa\u00df macht! So profan es klingt, aber\u00a0wenn es keinen Spa\u00df macht, w\u00fcrde ich es nicht machen.\u00a0Angenehmer Nebeneffekt: ich habe gelernt Fehler bei mir selbst zu suchen\u00a0und mich auf meine eigenen Fehler zu konzentrieren.\u00a0An Fehlern zu arbeiten hilft mir wiederum meine Pers\u00f6nlichkeit Schritt f\u00fcr\u00a0Schritt zu ein wenig zu verbessern.<\/em>&#8222;<br><br>&#8222;<em>Ich betreibe Iaido, weil ich Iaido betreibe.<\/em>&#8222;<\/p>\n\n\n\n<p>&#8222;<em>Am Anfang hat mich das Schwert fasziniert, dann habe ich Dinge \u00fcber mich erfahren, nach denen ich nicht gesucht habe. Jetzt betreibe ich Iaido, um zu sehen, wohin es mich f\u00fchrt.<\/em>&#8222;<\/p>\n\n\n\n<p>&#8222;<em>Ich betreibe Iaido, weil es die richtige Mischung aus k\u00f6rperlicher Aktivit\u00e4t und geistiger Herausforderung ist, die \u00fcber Jahre hinweg immer wieder motiviert an sich zu arbeiten und den begonnenen Weg weiterzugehen.<\/em>&#8222;<\/p>\n\n\n\n<p>&#8222;<em>Ich betreibe Iaido, weil es einer der Wege zur Erleuchtung ist und an seiner Vielf\u00e4ltigkeit kaum zu \u00fcbertreffen ist.<\/em>&#8222;<\/p>\n\n\n\n<p>&#8222;<em>Ich betreibe Iaido, weil ich die Eleganz und Ruhe der Bewegung sowie die Vielf\u00e4ltigkeit des Trainings liebe.<\/em>&#8222;<\/p>\n\n\n\n<p>&#8222;<em>Ich betreibe Iaido, weil es den K\u00f6rper und den Geist formt und st\u00e4rkt.<\/em>&#8222;<\/p>\n","protected":false},"excerpt":{"rendered":"<p>Iaido (\u5c45\u5408\u9053) Im Iaido geht es au\u00dfer um Konzentration und die Beherrschung des K\u00f6rpers sowie der Schwerttechniken um eine pers\u00f6nliche Entwicklung. Deren Basis besteht aus stetigem \u00dcben, Sch\u00e4rfung der Aufmerksamkeit und der Absicht, die notwendige innere Haltung zu vervollkommnen. Mit einer geistig wachen Pr\u00e4senz im gegenw\u00e4rtigen Augenblick sollen wir auch den st\u00e4ndig wechselnden Anforderungen unseres<br \/><a class=\"btn btn-tislider blog-readmore\" href=\"http:\/\/iaido-muenchen.de\/?page_id=53\">Weiterlesen<\/a><\/p>\n","protected":false},"author":1,"featured_media":0,"parent":0,"menu_order":0,"comment_status":"closed","ping_status":"closed","template":"","meta":{"footnotes":""},"class_list":["post-53","page","type-page","status-publish","hentry"],"_links":{"self":[{"href":"http:\/\/iaido-muenchen.de\/index.php?rest_route=\/wp\/v2\/pages\/53","targetHints":{"allow":["GET"]}}],"collection":[{"href":"http:\/\/iaido-muenchen.de\/index.php?rest_route=\/wp\/v2\/pages"}],"about":[{"href":"http:\/\/iaido-muenchen.de\/index.php?rest_route=\/wp\/v2\/types\/page"}],"author":[{"embeddable":true,"href":"http:\/\/iaido-muenchen.de\/index.php?rest_route=\/wp\/v2\/users\/1"}],"replies":[{"embeddable":true,"href":"http:\/\/iaido-muenchen.de\/index.php?rest_route=%2Fwp%2Fv2%2Fcomments&post=53"}],"version-history":[{"count":2,"href":"http:\/\/iaido-muenchen.de\/index.php?rest_route=\/wp\/v2\/pages\/53\/revisions"}],"predecessor-version":[{"id":55,"href":"http:\/\/iaido-muenchen.de\/index.php?rest_route=\/wp\/v2\/pages\/53\/revisions\/55"}],"wp:attachment":[{"href":"http:\/\/iaido-muenchen.de\/index.php?rest_route=%2Fwp%2Fv2%2Fmedia&parent=53"}],"curies":[{"name":"wp","href":"https:\/\/api.w.org\/{rel}","templated":true}]}}